{"id":2,"date":"2024-02-11T11:48:15","date_gmt":"2024-02-11T11:48:15","guid":{"rendered":"https:\/\/homointerneticus.be\/?page_id=2"},"modified":"2024-05-05T12:08:35","modified_gmt":"2024-05-05T10:08:35","slug":"sample-page","status":"publish","type":"page","link":"https:\/\/www.homointerneticus.be\/?page_id=2","title":{"rendered":"Episodes"},"content":{"rendered":"<ul class=\"wp-block-latest-posts__list has-dates wp-block-latest-posts\"><li><a class=\"wp-block-latest-posts__post-title\" href=\"https:\/\/www.homointerneticus.be\/?p=69\">Episode #2: Mais comment trouver la v\u00e9rit\u00e9?<\/a><time datetime=\"2024-05-06T00:00:48+02:00\" class=\"wp-block-latest-posts__post-date\">6 mai 2024<\/time><div class=\"wp-block-latest-posts__post-excerpt\">Comment d\u00e9cidons nous quelle information croire? Comment trouver la v\u00e9rit\u00e9 et pourquoi nous croyons au complot. A l&rsquo;\u00e8re d&rsquo;Internet, il est difficile de savoir \u00e0 quel source se fier, et on vous explique tout cela dans cet \u00e9pisode qui pourra probablement vous \u00e9viter bien des d\u00e9boires. Voici les liens vers les diff\u00e9rentes sources d&rsquo;informations utilis\u00e9es\u2026 <a class=\"wp-block-latest-posts__read-more\" href=\"https:\/\/www.homointerneticus.be\/?p=69\" rel=\"noopener noreferrer\">Lire la suite<span class=\"screen-reader-text\">\u00a0: Episode #2: Mais comment trouver la v\u00e9rit\u00e9?<\/span><\/a><\/div><\/li>\n<li><a class=\"wp-block-latest-posts__post-title\" href=\"https:\/\/www.homointerneticus.be\/?p=35\">Episode #1: 6 piliers contre le Burn-out<\/a><time datetime=\"2024-02-11T18:11:01+01:00\" class=\"wp-block-latest-posts__post-date\">11 f\u00e9vrier 2024<\/time><div class=\"wp-block-latest-posts__post-excerpt\">On s&rsquo;int\u00e9resse aujourd&rsquo;hui a la sant\u00e9 mentale, et plus pr\u00e9cis\u00e9ment \u00e0 la d\u00e9pression, au Burn-out et \u00e0 l&rsquo;anxi\u00e9t\u00e9. Que peut-on faire pour devenir plus r\u00e9silient, pour lutter contre la d\u00e9pression. Emmanuel partage des conseils concrets pour renforcer les 6 piliers de la sant\u00e9 mentale.<\/div><\/li>\n<\/ul>\n\n\n<h2 class=\"wp-block-heading\">Et le prochain?<\/h2>\n\n\n\n<p>Le prochain \u00e9pisode portera sur l&rsquo;information, la d\u00e9sinformation et la qu\u00eate de la v\u00e9rit\u00e9.<\/p>\n\n\n\n<p><\/p>\n","protected":false},"excerpt":{"rendered":"<p>Et le prochain? Le prochain \u00e9pisode portera sur l&rsquo;information, la d\u00e9sinformation et la qu\u00eate de la v\u00e9rit\u00e9.<\/p>\n","protected":false},"author":1,"featured_media":0,"parent":0,"menu_order":0,"comment_status":"closed","ping_status":"closed","template":"","meta":{"footnotes":""},"class_list":["post-2","page","type-page","status-publish","hentry"],"_links":{"self":[{"href":"https:\/\/www.homointerneticus.be\/index.php?rest_route=\/wp\/v2\/pages\/2","targetHints":{"allow":["GET"]}}],"collection":[{"href":"https:\/\/www.homointerneticus.be\/index.php?rest_route=\/wp\/v2\/pages"}],"about":[{"href":"https:\/\/www.homointerneticus.be\/index.php?rest_route=\/wp\/v2\/types\/page"}],"author":[{"embeddable":true,"href":"https:\/\/www.homointerneticus.be\/index.php?rest_route=\/wp\/v2\/users\/1"}],"replies":[{"embeddable":true,"href":"https:\/\/www.homointerneticus.be\/index.php?rest_route=%2Fwp%2Fv2%2Fcomments&post=2"}],"version-history":[{"count":4,"href":"https:\/\/www.homointerneticus.be\/index.php?rest_route=\/wp\/v2\/pages\/2\/revisions"}],"predecessor-version":[{"id":68,"href":"https:\/\/www.homointerneticus.be\/index.php?rest_route=\/wp\/v2\/pages\/2\/revisions\/68"}],"wp:attachment":[{"href":"https:\/\/www.homointerneticus.be\/index.php?rest_route=%2Fwp%2Fv2%2Fmedia&parent=2"}],"curies":[{"name":"wp","href":"https:\/\/api.w.org\/{rel}","templated":true}]}}