{"id":10,"date":"2024-02-11T12:03:04","date_gmt":"2024-02-11T12:03:04","guid":{"rendered":"https:\/\/homointerneticus.be\/?page_id=10"},"modified":"2024-12-15T18:30:57","modified_gmt":"2024-12-15T17:30:57","slug":"bienvenue","status":"publish","type":"page","link":"https:\/\/www.homointerneticus.be\/","title":{"rendered":"Bienvenue"},"content":{"rendered":"\n<figure class=\"wp-block-image size-full has-custom-border\"><img decoding=\"async\" src=\"https:\/\/homointerneticus.be\/wp-content\/uploads\/2024\/02\/HomoInterneticus-le-podcast.png\" alt=\"\" class=\"wp-image-22\" style=\"border-width:5px;border-radius:20px\"\/><\/figure>\n\n\n\n<p>Bienvenue sur le site Internet du podcast \u00ab\u00a0<strong>Homo Interneticus<\/strong>\u00ab\u00a0, le podcast qui d\u00e9cortique la vie \u00e0 l&rsquo;\u00e8re d&rsquo;Internet, en se centrant sur les aspects humains, psychologiques, et sur l&rsquo;impact des nouvelles technologies sur notre fa\u00e7on de penser, de vivre. <\/p>\n\n\n\n<p>Le podcast est pr\u00e9sent\u00e9 par Emmanuel Nicaise, psychologue clinicien et expert en cybers\u00e9curit\u00e9.<\/p>\n\n\n\n<p>Le podcast est disponible sur plusieurs plateformes: <\/p>\n\n\n\n<ul class=\"wp-block-list\">\n<li><a href=\"https:\/\/podcasters.spotify.com\/pod\/show\/homointerneticus\" data-type=\"link\" data-id=\"https:\/\/podcasters.spotify.com\/pod\/show\/homointerneticus\">Spotify<\/a><\/li>\n\n\n\n<li><a href=\"https:\/\/podcasts.apple.com\/us\/podcast\/homo-interneticus\/id1730111705\" data-type=\"link\" data-id=\"https:\/\/podcasts.apple.com\/us\/podcast\/homo-interneticus\/id1730111705\">Apple Podcast<\/a><\/li>\n\n\n\n<li><a href=\"https:\/\/www.deezer.com\/fr\/show\/1000667082\" data-type=\"link\" data-id=\"https:\/\/www.deezer.com\/fr\/show\/1000667082\">Deezer<\/a><\/li>\n\n\n\n<li><a href=\"https:\/\/music.amazon.fr\/podcasts\/a99db797-9b8b-430e-adcc-0c91c5c38dbf\/homo-interneticus\" data-type=\"link\" data-id=\"https:\/\/music.amazon.fr\/podcasts\/a99db797-9b8b-430e-adcc-0c91c5c38dbf\/homo-interneticus\">Amazon Music<\/a><\/li>\n<\/ul>\n\n\n\n<p>Il est aussi disponible sur YouTube: <a href=\"http:\/\/www.youtube.com\/@EmmanuelNicaise\/podcasts\" data-type=\"link\" data-id=\"www.youtube.com\/@EmmanuelNicaise\/podcasts\">www.youtube.com\/@EmmanuelNicaise\/podcasts<\/a><\/p>\n\n\n\n<p>Venez rebondir sur le contenu des \u00e9pisodes sur notre serveur Discord: <a href=\"http:\/\/discord.gg\/v48EvUMV\" data-type=\"link\" data-id=\"discord.gg\/v48EvUMV\">discord.gg\/v48EvUMV<\/a><\/p>\n\n\n\n<p><\/p>\n","protected":false},"excerpt":{"rendered":"<p>Bienvenue sur le site Internet du podcast \u00ab\u00a0Homo Interneticus\u00ab\u00a0, le podcast qui d\u00e9cortique la vie \u00e0 l&rsquo;\u00e8re d&rsquo;Internet, en se centrant sur les aspects humains, psychologiques, et sur l&rsquo;impact des nouvelles technologies sur notre fa\u00e7on de penser, de vivre. Le podcast est pr\u00e9sent\u00e9 par Emmanuel Nicaise, psychologue clinicien et expert en cybers\u00e9curit\u00e9. Le podcast est [&hellip;]<\/p>\n","protected":false},"author":1,"featured_media":22,"parent":0,"menu_order":0,"comment_status":"closed","ping_status":"closed","template":"","meta":{"footnotes":""},"class_list":["post-10","page","type-page","status-publish","has-post-thumbnail","hentry"],"_links":{"self":[{"href":"https:\/\/www.homointerneticus.be\/index.php?rest_route=\/wp\/v2\/pages\/10","targetHints":{"allow":["GET"]}}],"collection":[{"href":"https:\/\/www.homointerneticus.be\/index.php?rest_route=\/wp\/v2\/pages"}],"about":[{"href":"https:\/\/www.homointerneticus.be\/index.php?rest_route=\/wp\/v2\/types\/page"}],"author":[{"embeddable":true,"href":"https:\/\/www.homointerneticus.be\/index.php?rest_route=\/wp\/v2\/users\/1"}],"replies":[{"embeddable":true,"href":"https:\/\/www.homointerneticus.be\/index.php?rest_route=%2Fwp%2Fv2%2Fcomments&post=10"}],"version-history":[{"count":5,"href":"https:\/\/www.homointerneticus.be\/index.php?rest_route=\/wp\/v2\/pages\/10\/revisions"}],"predecessor-version":[{"id":84,"href":"https:\/\/www.homointerneticus.be\/index.php?rest_route=\/wp\/v2\/pages\/10\/revisions\/84"}],"wp:featuredmedia":[{"embeddable":true,"href":"https:\/\/www.homointerneticus.be\/index.php?rest_route=\/wp\/v2\/media\/22"}],"wp:attachment":[{"href":"https:\/\/www.homointerneticus.be\/index.php?rest_route=%2Fwp%2Fv2%2Fmedia&parent=10"}],"curies":[{"name":"wp","href":"https:\/\/api.w.org\/{rel}","templated":true}]}}